{"id":157,"date":"2024-05-22T08:37:34","date_gmt":"2024-05-22T08:37:34","guid":{"rendered":"https:\/\/tabernadamajuana.com\/?page_id=157"},"modified":"2024-06-07T07:07:24","modified_gmt":"2024-06-07T07:07:24","slug":"politica-de-privacidad","status":"publish","type":"page","link":"https:\/\/tabernadamajuana.com\/en\/politica-de-privacidad\/","title":{"rendered":"Pol\u00edtica de privacidad"},"content":{"rendered":"<h2 class=\"wp-block-heading\" style=\"margin-top:var(--wp--preset--spacing--40)\">Pol\u00edtica de privacidad<\/h2>\n\n\n\n<h2 class=\"wp-block-heading\">Pol\u00edtica de protecci\u00f3n de datos<\/h2>\n\n\n\n<h3 class=\"wp-block-heading\">1. RESPONSABLE<\/h3>\n\n\n\n<p>A. Datos de contacto del Responsable<br>El responsable de los datos recabados mediante esta web es Taberna Damajuana C\u00f3rdoba. Usted podr\u00e1 contactar con el responsable mediante Email o a trav\u00e9s de la p\u00e1gina de contacto.<\/p>\n\n\n\n<p>B. Identidad y datos de contacto del representante Taberna Damajuana C\u00f3rdoba<\/p>\n\n\n\n<h3 class=\"wp-block-heading\">2. FINALIDAD<\/h3>\n\n\n\n<p>A. Descripci\u00f3n ampliada de los fines del tratamiento Publicidad y prospecci\u00f3n comercial Gesti\u00f3n de solicitudes<\/p>\n\n\n\n<p>B. Plazos o criterios de conservaci\u00f3n de los datos<br>Conservaremos los datos durante el tiempo que sea necesario para atender la solicitud y cumplir con las obligaciones legales exigidas.<\/p>\n\n\n\n<p>Los datos que usted nos ha facilitado ser\u00e1n conservados mientras sean necesarios para las finalidades indicadas en el punto 2.A., o tambi\u00e9n ser\u00e1n almacenadas por el tiempo exigido por distintas legislaciones aplicables.<\/p>\n\n\n\n<p>C. Decisiones automatizadas, perfiles y l\u00f3gica aplicada<br>Los datos recogidos mediante la p\u00e1gina web no ser\u00e1n utilizados para tomar decisiones automatizadas.<\/p>\n\n\n\n<h3 class=\"wp-block-heading\">3. LEGITIMACI\u00d3N<\/h3>\n\n\n\n<p>A. Legislaci\u00f3n aplicable<br>La legislaci\u00f3n aplicada es el Reglamento General de Protecci\u00f3n de Datos 2016\/679 de 27 de abril de 2016 as\u00ed como la Ley Org\u00e1nica 3\/2018, de 5 de diciembre, de Protecci\u00f3n de Datos Personales y garant\u00eda de los derechos digitales.<\/p>\n\n\n\n<p>B. Detalles de la base jur\u00eddica del tratamiento, en los casos de obligaci\u00f3n legal, inter\u00e9s p\u00fablico o inter\u00e9s p\u00fablico o inter\u00e9s leg\u00edtimo<br>Art. 6, apartado 1 letra a. Que considera el consentimiento del interesado como una base leg\u00edtima para el tratamiento de datos personales contenidos en este fichero.<\/p>\n\n\n\n<p>C. Obligaci\u00f3n o no de facilitar datos y consecuencias de no hacerlo<br>No est\u00e1 obligado a facilitarnos los datos, sin embargo, ser\u00e1 necesario para poder gestionar las sugerencias o peticiones que necesite hacernos mediante la p\u00e1gina web.<\/p>\n\n\n\n<h3 class=\"wp-block-heading\">4. DESTINATARIOS<\/h3>\n\n\n\n<p>A. Destinatarios<br>Organizaciones o personas directamente relacionadas con la empresa, Administraci\u00f3n p\u00fablica con competencia en la materia.<\/p>\n\n\n\n<p>B. Destinatarios espec\u00edficos<br>No existen<\/p>\n\n\n\n<p>C. Decisiones de adecuaci\u00f3n, garant\u00edas, normas corporativas vinculantes o situaciones espec\u00edficas aplicables<br>No existen<\/p>\n\n\n\n<p>D. Transferencias internacionales<br>No existen<\/p>\n\n\n\n<h3 class=\"wp-block-heading\">5. DERECHOS<\/h3>\n\n\n\n<p>A. C\u00f3mo ejercer los derechos de acceso, rectificaci\u00f3n, supresi\u00f3n y portabilidad de sus datos, y la limitaci\u00f3n u oposici\u00f3n a su tratamiento<br>El interesado podr\u00e1 conocer, modificar, o eliminar los datos que la empresa posea acerca de su persona mediante correo electr\u00f3nico facilitando su DNI.<\/p>\n\n\n\n<p>B. Derecho a retirar el Consentimiento prestado<br>El interesado podr\u00e1 retirar los datos que la empresa posee acerca de su persona mediante correo electr\u00f3nico facilitando su DNI.<\/p>\n\n\n\n<p>C. Derecho a reclamar ante la Autoridad de Control<br>El interesado podr\u00e1 reclamar ante la Agencia Espa\u00f1ola de Protecci\u00f3n de Datos acerca de toda incidencia que pueda surgirle.<\/p>\n\n\n\n<h3 class=\"wp-block-heading\">6. PROCEDENCIA<\/h3>\n\n\n\n<p>A. Informaci\u00f3n detallada del origen de los datos<br>Facilitados por el propio interesado<\/p>\n\n\n\n<p style=\"margin-bottom:var(--wp--preset--spacing--80)\">B. Categor\u00edas de datos que se tratan<br>Nombre y Apellidos<br>Imagen<br>Email<br>Tel\u00e9fono<\/p>","protected":false},"excerpt":{"rendered":"<p>Pol\u00edtica de privacidad Pol\u00edtica de protecci\u00f3n de datos 1. RESPONSABLE A. Datos de contacto del ResponsableEl responsable de los datos [&hellip;]<\/p>\n","protected":false},"author":1,"featured_media":0,"parent":0,"menu_order":0,"comment_status":"closed","ping_status":"closed","template":"","meta":{"site-sidebar-layout":"default","site-content-layout":"","ast-site-content-layout":"default","site-content-style":"default","site-sidebar-style":"default","ast-global-header-display":"","ast-banner-title-visibility":"","ast-main-header-display":"","ast-hfb-above-header-display":"","ast-hfb-below-header-display":"","ast-hfb-mobile-header-display":"","site-post-title":"disabled","ast-breadcrumbs-content":"","ast-featured-img":"","footer-sml-layout":"","ast-disable-related-posts":"","theme-transparent-header-meta":"","adv-header-id-meta":"","stick-header-meta":"","header-above-stick-meta":"","header-main-stick-meta":"","header-below-stick-meta":"","astra-migrate-meta-layouts":"default","ast-page-background-enabled":"default","ast-page-background-meta":{"desktop":{"background-color":"var(--ast-global-color-4)","background-image":"","background-repeat":"repeat","background-position":"center center","background-size":"auto","background-attachment":"scroll","background-type":"","background-media":"","overlay-type":"","overlay-color":"","overlay-opacity":"","overlay-gradient":""},"tablet":{"background-color":"","background-image":"","background-repeat":"repeat","background-position":"center center","background-size":"auto","background-attachment":"scroll","background-type":"","background-media":"","overlay-type":"","overlay-color":"","overlay-opacity":"","overlay-gradient":""},"mobile":{"background-color":"","background-image":"","background-repeat":"repeat","background-position":"center center","background-size":"auto","background-attachment":"scroll","background-type":"","background-media":"","overlay-type":"","overlay-color":"","overlay-opacity":"","overlay-gradient":""}},"ast-content-background-meta":{"desktop":{"background-color":"var(--ast-global-color-5)","background-image":"","background-repeat":"repeat","background-position":"center center","background-size":"auto","background-attachment":"scroll","background-type":"","background-media":"","overlay-type":"","overlay-color":"","overlay-opacity":"","overlay-gradient":""},"tablet":{"background-color":"var(--ast-global-color-5)","background-image":"","background-repeat":"repeat","background-position":"center center","background-size":"auto","background-attachment":"scroll","background-type":"","background-media":"","overlay-type":"","overlay-color":"","overlay-opacity":"","overlay-gradient":""},"mobile":{"background-color":"var(--ast-global-color-5)","background-image":"","background-repeat":"repeat","background-position":"center center","background-size":"auto","background-attachment":"scroll","background-type":"","background-media":"","overlay-type":"","overlay-color":"","overlay-opacity":"","overlay-gradient":""}},"footnotes":""},"class_list":["post-157","page","type-page","status-publish","hentry"],"_links":{"self":[{"href":"https:\/\/tabernadamajuana.com\/en\/wp-json\/wp\/v2\/pages\/157","targetHints":{"allow":["GET"]}}],"collection":[{"href":"https:\/\/tabernadamajuana.com\/en\/wp-json\/wp\/v2\/pages"}],"about":[{"href":"https:\/\/tabernadamajuana.com\/en\/wp-json\/wp\/v2\/types\/page"}],"author":[{"embeddable":true,"href":"https:\/\/tabernadamajuana.com\/en\/wp-json\/wp\/v2\/users\/1"}],"replies":[{"embeddable":true,"href":"https:\/\/tabernadamajuana.com\/en\/wp-json\/wp\/v2\/comments?post=157"}],"version-history":[{"count":4,"href":"https:\/\/tabernadamajuana.com\/en\/wp-json\/wp\/v2\/pages\/157\/revisions"}],"predecessor-version":[{"id":731,"href":"https:\/\/tabernadamajuana.com\/en\/wp-json\/wp\/v2\/pages\/157\/revisions\/731"}],"wp:attachment":[{"href":"https:\/\/tabernadamajuana.com\/en\/wp-json\/wp\/v2\/media?parent=157"}],"curies":[{"name":"wp","href":"https:\/\/api.w.org\/{rel}","templated":true}]}}