{"id":164,"date":"2024-05-22T08:40:00","date_gmt":"2024-05-22T08:40:00","guid":{"rendered":"https:\/\/tabernadamajuana.com\/?page_id=164"},"modified":"2026-03-06T10:46:30","modified_gmt":"2026-03-06T10:46:30","slug":"aviso-legal-y-condiciones-de-uso","status":"publish","type":"page","link":"https:\/\/tabernadamajuana.com\/en\/aviso-legal-y-condiciones-de-uso\/","title":{"rendered":"Aviso Legal y Condiciones de Uso"},"content":{"rendered":"<h2 class=\"wp-block-heading\" style=\"margin-top:var(--wp--preset--spacing--40)\">Aviso Legal y Condiciones de Uso<\/h2>\n\n\n\n<p>En el presente Aviso legal le informamos acerca de los datos del responsable de este Sitio web as\u00ed como del tipo de informaci\u00f3n que podemos recoger sobre Usted como Usuario y los fines a los que los destinamos.<\/p>\n\n\n\n<p>Para ello, junto con este texto hemos dispuesto otros textos legales de aplicaci\u00f3n como la pol\u00edtica de privacidad y protecci\u00f3n de datos y la pol\u00edtica de cookies.<br><\/p>\n\n\n\n<p>En nuestro Sitio web le presentamos los productos y servicios que lleva a cabo Taberna Damajuana C\u00f3rdoba se reserva el derecho de modificar cualquier tipo de informaci\u00f3n que pudiera aparecer en el Sitio web, sin que exista obligaci\u00f3n de preavisar o poner en conocimiento de los usuarios dichas obligaciones, entendi\u00e9ndose como suficiente con la publicaci\u00f3n en el sitio web de Taberna Damajuana C\u00f3rdoba.<\/p>\n\n\n\n<p><br>En cumplimiento del art\u00edculo 10 de la Ley 34\/2002, de 11 de julio, de Servicios de la Sociedad de la Informaci\u00f3n y Comercio Electr\u00f3nico, a continuaci\u00f3n se exponen los datos identificativos de la empresa propietaria del dominio <a href=\"https:\/\/tabernadamajuana.com\/en\/\">www.tabernadamajuana.com<\/a><\/p>\n\n\n\n<p>1. Datos identificativos<br>\u2013 Tel\u00e9fono Atenci\u00f3n al cliente: <a href=\"https:\/\/www.google.com\/search?q=taberna+dama+juana&amp;rlz=1C5CHFA_enES1093ES1098&amp;oq=taberna+dam&amp;gs_lcrp=EgZjaHJvbWUqBggCECMYJzIGCAAQRRg5MgYIARAjGCcyBggCECMYJzINCAMQLhivARjHARiABDINCAQQLhivARjHARiABDIGCAUQRRg9MgYIBhBFGDwyBggHEEUYPdIBCTExMzQ4ajBqN6gCALACAA&amp;sourceid=chrome&amp;ie=UTF-8#\" target=\"_blank\" rel=\"noopener\">957 75 19 90<br><\/a>\u2013 P\u00e1gina web: www.tabernadamajuana.com<br>\u2013 Redes sociales: <a href=\"https:\/\/www.facebook.com\/TabernaDamajuana\/?locale=es_ES\" target=\"_blank\" rel=\"noopener\">Facebook<\/a>, <a href=\"https:\/\/www.instagram.com\/tabernadamajuana\/\" target=\"_blank\" rel=\"noopener\">Instagram<\/a>&nbsp;<\/p>\n\n\n\n<p>2. Funcionamiento del Sitio web<br>Para la navegaci\u00f3n por la p\u00e1gina web no es necesario estar registrado<\/p>\n\n\n\n<p>3. Navegaci\u00f3n, acceso y seguridad<br>El acceso, navegaci\u00f3n y utilizaci\u00f3n de este Sitio web supone la aceptaci\u00f3n expresa y sin reservas de todas las advertencias legales, condiciones y t\u00e9rminos de uso contenidas en el presente Aviso Legal, Pol\u00edtica de Privacidad y Protecci\u00f3n de datos y Pol\u00edtica de cookies, teniendo la misma validez y eficacia que cualquier contrato celebrado por escrito y firmado. En este sentido, se entender\u00e1 por Usuario a la persona que acceda, navegue, utilice o participe en los servicios y actividades, gratuitas u onerosas, desarrolladas en el Sitio Web.<\/p>\n\n\n\n<p>Taberna Damajuana C\u00f3rdoba realiza los m\u00e1ximos esfuerzos para que la navegaci\u00f3n se realice en las mejores condiciones y evitar los perjuicios de cualquier tipo que pudiesen ocasionarse durante la misma. Taberna Damajuana no se responsabiliza ni garantiza que el acceso a este Sitio web sea ininterrumpido o que est\u00e9 libre de error. Tampoco se responsabiliza o garantiza que el contenido o software al que pueda accederse a trav\u00e9s de este Sitio web, est\u00e9 libre de error o cause un da\u00f1o. En ning\u00fan caso Taberna Damajuana ser\u00e1 responsable por las p\u00e9rdidas, da\u00f1os o perjuicios de cualquier tipo que surjan por el acceso y el uso del Sitio web, incluy\u00e9ndose, pero no limit\u00e1ndose, a los ocasionados a los sistemas inform\u00e1ticos o los provocados por la introducci\u00f3n de virus, ni se hace responsable de los da\u00f1os que pudiesen ocasionarse a los usuarios por un uso inadecuado de este Sitio web. Los servicios ofertados en esta P\u00e1gina web s\u00f3lo pueden ser utilizados correctamente si se cumplen las especificaciones t\u00e9cnicas para las que ha sido dise\u00f1ado.<br>Queda prohibido el acceso y\/o registro a este Sitio Web por parte de menores de 14 a\u00f1os, salvo que cuenten con la autorizaci\u00f3n previa y expresa de sus padres, tutores o representantes legales, los cuales ser\u00e1n considerados como responsables de los actos que lleven a cabo los menores a su cargo, conforme a la normativa vigente. En todo caso, se presumir\u00e1 que el acceso realizado por un menor al Sitio Web se ha realizado con autorizaci\u00f3n previa y expresa de sus padres, tutores o representantes legales.<br>El titular de esta p\u00e1gina web se reserva el derecho a poder publicar art\u00edculos y recomendaciones destinadas a mejorar y solucionar los requerimientos de los usuarios, pero en ning\u00fan caso, se responsabiliza por los da\u00f1os causados en base a decisiones tomadas a partir de los contenidos publicados en esta p\u00e1gina, como consejos, recomendaciones, propuestas\u2026 puesto que las mismas se publican con car\u00e1cter informativo general o de sugerencia pero en ning\u00fan caso excluyen la opini\u00f3n o asesoramiento que un experto pueda proporcionar en cada caso concreto.<br><\/p>\n\n\n\n<p>El Sitio web se mantendr\u00e1 operativa durante todo el a\u00f1o las 24 horas, siempre que el estado de la t\u00e9cnica lo permita, no obstante, Taberna Damajuana se reserva el derecho de modificar o interrumpir, en todo o en parte, el acceso al sistema de forma temporal cuando el servicio de mantenimiento, actualizaci\u00f3n o reparaci\u00f3n del sistema o el servidor de Internet lo requiera, sin necesidad de comunicaci\u00f3n al Usuario.<br>Si el Usuario detectara alguna anomal\u00eda, error en el sistema o mal funcionamiento del Sitio web o interferencias de terceros, deber\u00e1 notificarlo a la mayor brevedad posible a Taberna Damajuana para proceder a su soluci\u00f3n.<br>Los avisos legales y condiciones aqu\u00ed recogidos afectan \u00fanicamente a la informaci\u00f3n publicada y a los tratamientos de datos realizados a trav\u00e9s del Sitio web, por lo que en ning\u00fan caso, las condiciones aqu\u00ed establecidas han de coincidir necesariamente con las pol\u00edticas de la empresa en lo que se refiere a la prestaci\u00f3n de los servicios.<br>En el caso de que nuestras soluciones sean subcontratadas, es decir, sean utilizadas por un tercero para prestar determinados servicios al usuario, ser\u00e1 responsabilidad del usuario asegurarse de conocer las condiciones que le sean aplicables en virtud de dicha prestaci\u00f3n de servicios con respecto al prestador principal.<\/p>\n\n\n\n<p>4. Derechos de propiedad intelectual e industrial<br>El Sitio web, incluyendo a t\u00edtulo enunciativo pero no limitativo su programaci\u00f3n, edici\u00f3n, compilaci\u00f3n y dem\u00e1s elementos necesarios para su funcionamiento, los dise\u00f1os, logotipos, texto y\/o gr\u00e1ficos, son propiedad del responsable o, si es el caso, dispone de licencia o autorizaci\u00f3n expresa por parte de los autores.<br>Todos los contenidos del Sitio web se encuentran debidamente protegidos por la normativa de propiedad intelectual e industrial y derechos de imagen, as\u00ed como inscritos en los registros p\u00fablicos correspondientes. Independientemente de la finalidad para la que fueran destinados, la reproducci\u00f3n total o parcial, uso, explotaci\u00f3n, distribuci\u00f3n y comercializaci\u00f3n, requiere en todo caso de la autorizaci\u00f3n escrita previa por parte del responsable, por lo que cualquier uso no autorizado previamente se considera un incumplimiento grave de los derechos de propiedad intelectual o industrial y de imagen del autor. Los dise\u00f1os, logotipos, texto y\/o gr\u00e1ficos ajenos al responsable y que pudieran aparecer en el Sitio web, pertenecen a sus respectivos propietarios, siendo ellos mismos responsables de cualquier<br>posible controversia que pudiera suscitarse respecto a los mismos. El responsable autoriza expresamente a que terceros puedan redirigir directamente a los contenidos concretos del sitio web, y en todo caso redirigir al sitio web principal de www.tabernadamajuana.com.<br>El acceso a los contenidos de propiedad intelectual o de imagen por su parte como Usuario no le confiere ning\u00fan derecho sobre los mismos, por lo que el uso que le pueda dar a esta informaci\u00f3n y contenidos s\u00f3lo puede ser para uso personal o privado, quedando, por tanto, prohibida su utilizaci\u00f3n con fines comerciales, su distribuci\u00f3n, as\u00ed como su modificaci\u00f3n o alteraci\u00f3n.<br>El Usuario ser\u00e1 directamente responsable de todas las consecuencias, da\u00f1os y perjuicios que se deriven para Taberna Damajuana C\u00f3rdoba y\/o terceros a causa de la infracci\u00f3n de cualquier obligaci\u00f3n contenida en el presente apartado que se pudieran derivar de su actuaci\u00f3n u omisi\u00f3n.<br>El titular de este Sitio web es la marca Taberna Damajuana C\u00f3rdoba, la cual se encuentra registrada en la Oficina Espa\u00f1ola de Patentes y Marcas.<\/p>\n\n\n\n<p>5. R\u00e9gimen de responsabilidades:<br>El acceso a nuestro Sitio web ser\u00e1 responsabilidad exclusiva del Usuario, tanto en la forma de acceso como en la informaci\u00f3n que facilita, as\u00ed como en la seguridad con que navega a trav\u00e9s de ella. Taberna Damajuana C\u00f3rdoba&nbsp; se compromete a realizar el mejor y m\u00e1s grande esfuerzo, en la medida de lo razonablemente posible, para evitar errores en los contenidos publicados en la Web y ofrecer un servicio constante y permanente a trav\u00e9s de ella.<\/p>\n\n\n\n<p><br>No podemos responsabilizarnos de las suspensiones temporales, aver\u00edas o fallos t\u00e9cnicos que afecten a la p\u00e1gina web, provocados por causas ajenas a nuestra empresa, por virus o inseguridad inform\u00e1tica ocasionada por terceros, ni por las actuaciones ilegales e irrespetuosas de los usuarios, ni de los errores t\u00e9cnicos en la plataforma y\/o de no suministro de Internet, ya sea por causa de acciones o errores de terceros y\/o por causas propias cuando se resuelva el incidente y se haya actuado de manera diligente.<br>Taberna Damajuana C\u00f3rdoba no puede garantizar la disponibilidad, continuidad o infalibilidad del funcionamiento del Sitio web y, en consecuencia, no asume, en la m\u00e1xima medida permitida por la legislaci\u00f3n vigente, cualquier responsabilidad por los da\u00f1os y perjuicios de toda naturaleza que puedan deberse a la falta de disponibilidad o de continuidad del funcionamiento del Sitio web y de los servicios habilitados en la misma, as\u00ed como a los errores en el acceso a distintas p\u00e1ginas web.<br>Taberna Damajuana C\u00f3rdoba no se hace responsable de los posibles errores que pudieran producirse en cuanto a la descripci\u00f3n de los servicios que ofrecemos, por lo que se establece expresamente que los mismos quedar\u00e1n sujetos a la informaci\u00f3n y condiciones que se establezcan formalmente en la correspondiente propuesta de servicios llevados a cabo por la empresa.<br>El responsable se exime de cualquier tipo de responsabilidad derivada de la informaci\u00f3n publicada en su Sitio web siempre que esta informaci\u00f3n haya sido manipulada o introducida por un tercero ajeno al mismo. Es posible que se redirija a contenidos de terceros sitios web, por lo que dado que el responsable no puede controlar siempre los contenidos introducidos por los terceros en sus respectivos sitios web, no asume ning\u00fan tipo de responsabilidad respecto a dichos contenidos. En todo caso, proceder\u00e1 a la retirada inmediata de cualquier contenido que pudiera contravenir la legislaci\u00f3n nacional o internacional, la moral o el orden p\u00fablico, procediendo a la retirada inmediata de la redirecci\u00f3n a dicho sitio web, poniendo en conocimiento de las autoridades competentes el contenido en cuesti\u00f3n. El responsable no se hace responsable de la informaci\u00f3n y contenidos almacenados, a t\u00edtulo enunciativo, pero no limitativo, en foros, chats, generadores de blogs, comentarios, redes sociales o cualquier otro medio que permita a terceros publicar contenidos de forma independiente en la p\u00e1gina web del responsable. Sin embargo, y en cumplimiento de lo dispuesto en los art\u00edculos 11 y 16 de la LSSICE, se pone a disposici\u00f3n de todos los usuarios, autoridades y fuerzas de seguridad, colaborando de forma activa en la retirada o, en su caso, bloqueo de todos aquellos contenidos que puedan afectar o contravenir la legislaci\u00f3n nacional o internacional, los derechos de terceros o la moral y el orden p\u00fablico. En caso de que el usuario considere que existe en el sitio web alg\u00fan contenido que pudiera ser susceptible de esta clasificaci\u00f3n, se ruega lo notifique de forma inmediata al administrador del sitio web.<br><\/p>\n\n\n\n<p>Este sitio web ha sido revisado y probado para que funcione correctamente. En principio, puede garantizarse el correcto funcionamiento los 365 d\u00edas del a\u00f1o, 24 horas al d\u00eda, sin embargo, el responsable no descarta la posibilidad de que existan ciertos errores de programaci\u00f3n, o que acontezcan causas de fuerza mayor, cat\u00e1strofes naturales, huelgas o circunstancias semejantes que hagan imposible el acceso a la p\u00e1gina web.<\/p>\n\n\n\n<p>7. Tratamiento de im\u00e1genes en el Sitio web<br>Las im\u00e1genes e informaciones contenidas en esta p\u00e1gina web han sido realizadas en el establecimiento Taberna Damajuana C\u00f3rdoba con el consentimiento de los interesados.<\/p>\n\n\n\n<p>8. Condiciones adicionales<br>El Usuario que introduce los datos, es el responsable \u00fanico y final de la veracidad de la informaci\u00f3n suministrada en el servicio y en las modificaciones de los mismos que pueda realizar hasta la finalizaci\u00f3n del mismo. El Usuario no puede aprovechar su condici\u00f3n para acceder a informaci\u00f3n que no le corresponda ya sea sobre la informaci\u00f3n o servicios ofrecidos en esta P\u00e1gina como sobre sus usuarios, as\u00ed como tampoco a realizar un uso no autorizado o contrario a la ley que pueda causar cualquier tipo de da\u00f1o al titular de este Sitio Web, Usuario o tercero alguno.<br>En el caso de que en www.tabernadamajuana.com se dispusiesen enlaces o hiperv\u00ednculos hac\u00eda otros sitios de Internet, Taberna Damajuana C\u00f3rdoba no ejercer\u00e1 ning\u00fan tipo de control sobre dichos sitios y contenidos. En ning\u00fan caso Taberna Damajuana asumir\u00e1 responsabilidad alguna por los contenidos de alg\u00fan enlace perteneciente a un sitio web ajeno, ni garantizar\u00e1 la disponibilidad t\u00e9cnica, calidad, fiabilidad, exactitud, amplitud, veracidad, validez y constitucionalidad de cualquier material o informaci\u00f3n contenida en ninguno de dichos hiperv\u00ednculos u otros sitios de Internet. Igualmente la inclusi\u00f3n de estas conexiones externas no implicar\u00e1 ning\u00fan tipo de asociaci\u00f3n, fusi\u00f3n o participaci\u00f3n con las entidades conectadas.<\/p>\n\n\n\n<p style=\"margin-bottom:var(--wp--preset--spacing--80)\">9. Actualizaci\u00f3n y modificaci\u00f3n de la informaci\u00f3n<br>La informaci\u00f3n que aparece en este Sitio web es la vigente en la fecha de su \u00faltima actualizaci\u00f3n. Taberna Damajuana C\u00f3rdoba se reserva el derecho a actualizar, modificar o eliminar la informaci\u00f3n de este Sitio web, pudiendo limitar o no permitir el acceso al mismo. No se podr\u00e1 alterar, cambiar, modificar, o adaptar esta web. Sin embargo, Taberna Damajuana se reserva la facultad de efectuar, en cualquier momento, cuantos cambios y modificaciones estime convenientes, pudiendo hacer uso de tal facultad en cualquier momento y sin previo aviso.10. Ley aplicable y jurisdicci\u00f3n<br>Todos los avisos y pol\u00edticas legales asociados a esta plataforma se regir\u00e1n e interpretar\u00e1n, en todos y cada uno de sus extremos, por la legislaci\u00f3n espa\u00f1ola, entre ellas: el Reglamento (UE) 2016\/679 del Parlamento Europeo y del Consejo de 27 de abril de 2016, relativo a la protecci\u00f3n de las personas f\u00edsicas en lo que respecta al tratamiento de datos personales y a la libre circulaci\u00f3n de estos datos y por el que<br>se deroga la Directiva 95\/46\/CE, la Ley Org\u00e1nica 3\/2018, de 5 de diciembre, de Protecci\u00f3n de Datos Personales y garant\u00eda de los derechos digitales y la Ley 34\/2002, de 11 de julio, de Servicios de la Sociedad de la Informaci\u00f3n y Comercio Electr\u00f3nico y cuantas otras disposiciones legales resulten de aplicaci\u00f3n. Para cuantas cuestiones pudieran surgir sobre la interpretaci\u00f3n, cumplimiento, rescisi\u00f3n o resoluci\u00f3n de las Condiciones Generales, las Partes se someten a la jurisdicci\u00f3n y competencia de los Juzgados y Tribunales de la ciudad de C\u00f3rdoba. No obstante, lo anterior, de conformidad con la legislaci\u00f3n espa\u00f1ola, para cuantas cuestiones pudieran surgir en relaci\u00f3n con estas Condiciones Generales ser\u00e1n competentes los juzgados y tribunales del domicilio que resulte de aplicaci\u00f3n, de conformidad con el art\u00edculo 52 de la Ley de Enjuiciamiento Civil o norma sustitutiva aplicable en cada momento.<\/p>","protected":false},"excerpt":{"rendered":"<p>Aviso Legal y Condiciones de Uso En el presente Aviso legal le informamos acerca de los datos del responsable de [&hellip;]<\/p>\n","protected":false},"author":1,"featured_media":0,"parent":0,"menu_order":0,"comment_status":"closed","ping_status":"closed","template":"","meta":{"site-sidebar-layout":"default","site-content-layout":"","ast-site-content-layout":"default","site-content-style":"default","site-sidebar-style":"default","ast-global-header-display":"","ast-banner-title-visibility":"","ast-main-header-display":"","ast-hfb-above-header-display":"","ast-hfb-below-header-display":"","ast-hfb-mobile-header-display":"","site-post-title":"disabled","ast-breadcrumbs-content":"","ast-featured-img":"","footer-sml-layout":"","ast-disable-related-posts":"","theme-transparent-header-meta":"","adv-header-id-meta":"","stick-header-meta":"","header-above-stick-meta":"","header-main-stick-meta":"","header-below-stick-meta":"","astra-migrate-meta-layouts":"default","ast-page-background-enabled":"default","ast-page-background-meta":{"desktop":{"background-color":"var(--ast-global-color-4)","background-image":"","background-repeat":"repeat","background-position":"center center","background-size":"auto","background-attachment":"scroll","background-type":"","background-media":"","overlay-type":"","overlay-color":"","overlay-opacity":"","overlay-gradient":""},"tablet":{"background-color":"","background-image":"","background-repeat":"repeat","background-position":"center center","background-size":"auto","background-attachment":"scroll","background-type":"","background-media":"","overlay-type":"","overlay-color":"","overlay-opacity":"","overlay-gradient":""},"mobile":{"background-color":"","background-image":"","background-repeat":"repeat","background-position":"center center","background-size":"auto","background-attachment":"scroll","background-type":"","background-media":"","overlay-type":"","overlay-color":"","overlay-opacity":"","overlay-gradient":""}},"ast-content-background-meta":{"desktop":{"background-color":"var(--ast-global-color-5)","background-image":"","background-repeat":"repeat","background-position":"center center","background-size":"auto","background-attachment":"scroll","background-type":"","background-media":"","overlay-type":"","overlay-color":"","overlay-opacity":"","overlay-gradient":""},"tablet":{"background-color":"var(--ast-global-color-5)","background-image":"","background-repeat":"repeat","background-position":"center center","background-size":"auto","background-attachment":"scroll","background-type":"","background-media":"","overlay-type":"","overlay-color":"","overlay-opacity":"","overlay-gradient":""},"mobile":{"background-color":"var(--ast-global-color-5)","background-image":"","background-repeat":"repeat","background-position":"center center","background-size":"auto","background-attachment":"scroll","background-type":"","background-media":"","overlay-type":"","overlay-color":"","overlay-opacity":"","overlay-gradient":""}},"footnotes":""},"class_list":["post-164","page","type-page","status-publish","hentry"],"_links":{"self":[{"href":"https:\/\/tabernadamajuana.com\/en\/wp-json\/wp\/v2\/pages\/164","targetHints":{"allow":["GET"]}}],"collection":[{"href":"https:\/\/tabernadamajuana.com\/en\/wp-json\/wp\/v2\/pages"}],"about":[{"href":"https:\/\/tabernadamajuana.com\/en\/wp-json\/wp\/v2\/types\/page"}],"author":[{"embeddable":true,"href":"https:\/\/tabernadamajuana.com\/en\/wp-json\/wp\/v2\/users\/1"}],"replies":[{"embeddable":true,"href":"https:\/\/tabernadamajuana.com\/en\/wp-json\/wp\/v2\/comments?post=164"}],"version-history":[{"count":4,"href":"https:\/\/tabernadamajuana.com\/en\/wp-json\/wp\/v2\/pages\/164\/revisions"}],"predecessor-version":[{"id":729,"href":"https:\/\/tabernadamajuana.com\/en\/wp-json\/wp\/v2\/pages\/164\/revisions\/729"}],"wp:attachment":[{"href":"https:\/\/tabernadamajuana.com\/en\/wp-json\/wp\/v2\/media?parent=164"}],"curies":[{"name":"wp","href":"https:\/\/api.w.org\/{rel}","templated":true}]}}